{"id":5832,"date":"2025-03-14T11:28:52","date_gmt":"2025-03-14T10:28:52","guid":{"rendered":"https:\/\/scandispa.sk\/?page_id=3694"},"modified":"2025-03-14T11:28:52","modified_gmt":"2025-03-14T10:28:52","slug":"dodanie-a-montaz","status":"publish","type":"page","link":"https:\/\/scandispa.com\/sk\/dodanie-a-montaz\/","title":{"rendered":"Dodanie a montaz"},"content":{"rendered":"\n<p class=\"has-text-align-center\"><\/p>\n\n\n\n<p class=\"has-text-align-center\">Kade a sauny dod\u00e1vame na \u00fazem\u00ed cel\u00e9ho Po\u013eska a Eur\u00f3py. Zariadenia s\u00fa dod\u00e1van\u00e9 zmontovan\u00e9. Cena nezah\u0155\u0148a mont\u00e1\u017e u z\u00e1kazn\u00edka a napojenie elektrick\u00fdch s\u00fa\u010dast\u00ed (v elektrick\u00fdch modeloch). Tieto \u010dinnosti m\u00f4\u017ee vykon\u00e1va\u0165 iba elektrik\u00e1r s pr\u00edslu\u0161n\u00fdmi povoleniami. M\u00f4\u017eeme v\u00e1m s t\u00fdm pom\u00f4c\u0165 \u2013 kontaktujte n\u00e1s.<\/p>\n\n\n\n<div style=\"height:36px\" aria-hidden=\"true\" class=\"wp-block-spacer\"><\/div>\n\n\n\n<h3 class=\"wp-block-heading has-text-align-center\"><strong>Podklad a miesto in\u0161tal\u00e1cie<\/strong><\/h3>\n\n\n\n<p class=\"has-text-align-center\">Zariadenie je potrebn\u00e9 umiestni\u0165 na stabilnom podklade. Neumiest\u0148ujte ho priamo na zem.<\/p>\n\n\n\n<div style=\"height:20px\" aria-hidden=\"true\" class=\"wp-block-spacer\"><\/div>\n\n\n<div class=\"wp-block-image\">\n<figure class=\"aligncenter size-full\"><img decoding=\"async\" src=\"https:\/\/scandispa.com\/wp-content\/uploads\/2025\/05\/montaz.jpg\" alt=\"\" class=\"wp-image-4394\"><\/figure>\n<\/div>\n\n\n<div style=\"height:20px\" aria-hidden=\"true\" class=\"wp-block-spacer\"><\/div>\n\n\n\n<h3 class=\"wp-block-heading has-text-align-center\"><strong>\u00dadr\u017eba<\/strong><\/h3>\n\n\n\n<div style=\"height:20px\" aria-hidden=\"true\" class=\"wp-block-spacer\"><\/div>\n\n\n\n<p class=\"has-text-align-center\">Drevo na kryte by malo by\u0165 o\u0161etren\u00e9 aspo\u0148 raz ro\u010dne dreven\u00fdm olejom. Je potrebn\u00e9 pou\u017ei\u0165 olej na konzerv\u00e1ciu tvrd\u00e9ho dreva alebo tepelne o\u0161etren\u00e9ho dreva s ochranou proti UV \u017eiareniu. \u013dahk\u00fd hned\u00fd odtie\u0148 poskytuje lep\u0161iu UV ochranu.<\/p>\n\n\n\n<div style=\"height:20px\" aria-hidden=\"true\" class=\"wp-block-spacer\"><\/div>\n\n\n<div class=\"wp-block-image\">\n<figure class=\"aligncenter size-full\"><img decoding=\"async\" src=\"https:\/\/scandispa.com\/wp-content\/uploads\/2025\/05\/konserwacja-sk-1-768x146-1.jpg\" alt=\"\" class=\"wp-image-4393\"><\/figure>\n<\/div>\n\n\n<div style=\"height:20px\" aria-hidden=\"true\" class=\"wp-block-spacer\"><\/div>\n\n\n\n<h3 class=\"wp-block-heading has-text-align-center\"><strong>Spotreba vody<\/strong><\/h3>\n\n\n\n<div style=\"height:20px\" aria-hidden=\"true\" class=\"wp-block-spacer\"><\/div>\n\n\n\n<p class=\"has-text-align-center\">Ka\u010fa sa zvy\u010dajne pln\u00ed pomocou z\u00e1hradnej hadice pripojenej na pr\u00edvod vody. Ak sa pou\u017eije in\u00fd zdroj vody, je potrebn\u00e9 zachova\u0165 mimoriadnu opatrnos\u0165 kv\u00f4li mo\u017enej mikrobi\u00e1lnej kontamin\u00e1cii vody. Pre\u010d\u00edtajte si pokyny pre hygienu vody a pou\u017e\u00edvanie chemick\u00fdch l\u00e1tok.<\/p>\n\n\n\n<p class=\"has-text-align-center\">Stoj\u00ed za zmienku, \u017ee po vstupe jedn\u00e9ho dospel\u00e9ho \u010dloveka do kade sa hladina vody zv\u00fd\u0161i o pribli\u017ene 5 cm. Je to objem pribli\u017ene 80l vody. Hladina vody v pr\u00e1zdnych kadiach by mala by\u0165 20 cm pod okrajom. Celkov\u00fd objem vody na zahriatie sa zn\u00ed\u017ei o pribli\u017ene 200 litrov. Ak sa zaplnia v\u0161etky miesta v kadi, tak\u00fdto objem vody sa preleje cez okraj.<\/p>\n\n\n\n<div style=\"height:20px\" aria-hidden=\"true\" class=\"wp-block-spacer\"><\/div>\n\n\n\n<h3 class=\"wp-block-heading has-text-align-center\"><strong>\u010cistenie<\/strong><\/h3>\n\n\n\n<div style=\"height:20px\" aria-hidden=\"true\" class=\"wp-block-spacer\"><\/div>\n\n\n\n<p class=\"has-text-align-center\">Po k\u00fapeli je potrebn\u00e9 vodu vypusti\u0165. Potom je potrebn\u00e9 ka\u010fu prepl\u00e1chnu\u0165 \u010distou \u010derstvou vodou. Ak sa voda dlho nemenila, vy\u010distite vn\u00fatro kade, napr\u00edklad borovicov\u00fdm mydlom. Vodu je potrebn\u00e9 odstr\u00e1ni\u0165 aj z ohrieva\u010da, ak je nain\u0161talovan\u00fd.<\/p>\n\n\n\n<div style=\"height:20px\" aria-hidden=\"true\" class=\"wp-block-spacer\"><\/div>\n\n\n\n<h3 class=\"wp-block-heading has-text-align-center\"><strong>Ohrieva\u010d vody<\/strong><\/h3>\n\n\n\n<div style=\"height:20px\" aria-hidden=\"true\" class=\"wp-block-spacer\"><\/div>\n\n\n\n<p class=\"has-text-align-center\">V\u017edy si pre\u010d\u00edtajte samostatn\u00e9 pokyny pripojen\u00e9 k ohrieva\u010du, napr. pre piecku na drevo, plynov\u00fd alebo elektrick\u00fd ohrieva\u010d. Je potrebn\u00e9 ich dodr\u017eiava\u0165 a bra\u0165 do \u00favahy mo\u017en\u00e9 riziko zmrznutia zariadenia.<\/p>\n\n\n\n<div style=\"height:43px\" aria-hidden=\"true\" class=\"wp-block-spacer\"><\/div>\n\n\n\n<p class=\"has-text-align-center\"><strong>Ak m\u00e1te ot\u00e1zky, kontaktujte n\u00e1s e-mail office@scandispa.sk alebo na telef\u00f3nnom \u010d\u00edsle \u00a0+42 904 940 866. V\u010faka spr\u00e1vnej \u00fadr\u017ebe v\u00e1m produkty ScandiSpa bud\u00fa sl\u00fa\u017ei\u0165 dlh\u00e9 roky. Prajeme v\u00e1m ve\u013ea skvel\u00fdch k\u00fape\u013eov!<\/strong><\/p>\n","protected":false},"excerpt":{"rendered":"<p>Kade a sauny dod\u00e1vame na \u00fazem\u00ed cel\u00e9ho Po\u013eska a Eur\u00f3py. Zariadenia s\u00fa dod\u00e1van\u00e9 zmontovan\u00e9. Cena nezah\u0155\u0148a mont\u00e1\u017e u z\u00e1kazn\u00edka a napojenie elektrick\u00fdch s\u00fa\u010dast\u00ed (v elektrick\u00fdch modeloch). Tieto \u010dinnosti m\u00f4\u017ee vykon\u00e1va\u0165 iba elektrik\u00e1r s pr\u00edslu\u0161n\u00fdmi povoleniami. M\u00f4\u017eeme v\u00e1m s t\u00fdm pom\u00f4c\u0165 \u2013 kontaktujte n\u00e1s. Podklad a miesto in\u0161tal\u00e1cie Zariadenie je potrebn\u00e9 umiestni\u0165 na stabilnom podklade. Neumiest\u0148ujte [&hellip;]<\/p>\n","protected":false},"author":1,"featured_media":0,"parent":0,"menu_order":0,"comment_status":"closed","ping_status":"closed","template":"","meta":{"_acf_changed":false,"footnotes":""},"class_list":["post-5832","page","type-page","status-publish","hentry"],"acf":[],"_links":{"self":[{"href":"https:\/\/scandispa.com\/sk\/wp-json\/wp\/v2\/pages\/5832","targetHints":{"allow":["GET"]}}],"collection":[{"href":"https:\/\/scandispa.com\/sk\/wp-json\/wp\/v2\/pages"}],"about":[{"href":"https:\/\/scandispa.com\/sk\/wp-json\/wp\/v2\/types\/page"}],"author":[{"embeddable":true,"href":"https:\/\/scandispa.com\/sk\/wp-json\/wp\/v2\/users\/1"}],"replies":[{"embeddable":true,"href":"https:\/\/scandispa.com\/sk\/wp-json\/wp\/v2\/comments?post=5832"}],"version-history":[{"count":0,"href":"https:\/\/scandispa.com\/sk\/wp-json\/wp\/v2\/pages\/5832\/revisions"}],"wp:attachment":[{"href":"https:\/\/scandispa.com\/sk\/wp-json\/wp\/v2\/media?parent=5832"}],"curies":[{"name":"wp","href":"https:\/\/api.w.org\/{rel}","templated":true}]}}