{"id":5831,"date":"2025-03-14T10:30:42","date_gmt":"2025-03-14T09:30:42","guid":{"rendered":"https:\/\/scandispa.sk\/?page_id=3653"},"modified":"2026-02-08T03:19:23","modified_gmt":"2026-02-08T02:19:23","slug":"zaruka","status":"publish","type":"page","link":"https:\/\/scandispa.com\/sk\/zaruka\/","title":{"rendered":"Zaruka"},"content":{"rendered":"\n<h3 class=\"wp-block-heading\">Odpovednost za vady, z\u00e1ruka<\/h3>\n\n\n\n<p><\/p>\n\n\n\n<p class=\"has-text-align-left\">Pr\u00e1va a povinnosti pred\u00e1vaj\u00faceho a kupuj\u00faceho (spotrebite\u013e) oh\u013eadne zodpovednosti pred\u00e1vaj\u00faceho za vady, vr\u00e1tane z\u00e1ruky pred\u00e1vaj\u00faceho sa riadi pr\u00edslu\u0161n\u00fdmi v\u0161eobecne z\u00e1v\u00e4zn\u00fdmi predpismi, najm\u00e4 pr\u00edslu\u0161ne ustanovenia \u00a7 619 a nasl. z\u00e1kona \u010d. 40\/1964 Zb. Ob\u010dianskeho z\u00e1konn\u00edka v znen\u00ed neskor\u0161\u00edch pr\u00e1vnych predpisov.<\/p>\n\n\n\n<p class=\"has-text-align-left\"><strong>Z\u00e1ruka sa vz\u0165ahuje na:<\/strong><\/p>\n\n\n\n<ul class=\"wp-block-list\">\n<li>Podvodn\u00e9 osvetlenie vr\u00e1tane transform\u00e1tora<\/li>\n\n\n\n<li>technick\u00e9 chyby sp\u00f4soben\u00e9 chybami materi\u00e1lu a\/alebo spracovania<\/li>\n\n\n\n<li>aeromas\u00e1\u017eny syst\u00e9m, v\u00edriv\u00fd syst\u00e9m<\/li>\n\n\n\n<li>netesnosti, chyby materi\u00e1lu a\/alebo spracovania na hadiciach, trysk\u00e1ch a riadiacom syst\u00e9me<\/li>\n\n\n\n<li>Vodn\u00fd filter \/ oz\u00f3nov\u00fd filter \/ UV filter<\/li>\n\n\n\n<li>chyby materi\u00e1lu a\/alebo spracovania. Na n\u00e1hradn\u00e9 n\u00e1plne , filtre alebo oz\u00f3nov\u00e9 kazety<\/li>\n\n\n\n<li>Podvodn\u00e9 osvetlenie vr\u00e1tane transform\u00e1tora<\/li>\n<\/ul>\n\n\n\n<p class=\"has-text-align-left\"><strong>Z\u00e1ruka sa nevz\u0165ahuje na:<\/strong><\/p>\n\n\n\n<ul class=\"wp-block-list\">\n<li>UV lampy<\/li>\n\n\n\n<li>\u201cSpotrebn\u00e9 diely\u201d, ako s\u00fa sp\u00edna\u010d, lampa a zdroj svetla<\/li>\n\n\n\n<li>Izolovan\u00e9 kryty z umelej ko\u017ee<\/li>\n\n\n\n<li>ateri\u00e1lov\u00e9 a v\u00fdrobn\u00e9 chyby. Na pr\u00edpadn\u00e9 farebn\u00e9 zmeny sp\u00f4soben\u00e9 UV \u017eiaren\u00edm sa z\u00e1ruka nevz\u0165ahuje<\/li>\n\n\n\n<li>\u0161kody sp\u00f4soben\u00e9 neopatrn\u00fdm pou\u017e\u00edvan\u00edm, sekund\u00e1rne \u0161kody sp\u00f4soben\u00e9 neopatrn\u00fdm pou\u017e\u00edvan\u00edm<\/li>\n\n\n\n<li>nespr\u00e1vnou in\u0161tal\u00e1ciou kupuj\u00facim<\/li>\n\n\n\n<li>\u00fapravami v\u00fdrobku a poveternostn\u00fdmi alebo elektrick\u00fdmi javmi, ktor\u00e9 nem\u00f4\u017eeme ovplyvni\u0165. V r\u00e1mci mo\u017enost\u00ed je povinnos\u0165ou majite\u013ea vykona\u0165 potrebn\u00e9 opatrenia, aby sa zabr\u00e1nilo vzniku alebo zhor\u0161eniu po\u0161kodenia<\/li>\n\n\n\n<li>pr\u00edpadn\u00e9 vady typick\u00e9 pre dreven\u00e9 v\u00fdrobky. Patr\u00ed sem rozp\u00ednanie vlhkosti, zmeny farby, praskliny at\u010f. ktor\u00e9 m\u00f4\u017ee majite\u013e ovplyvni\u0165 vykon\u00e1van\u00edm spr\u00e1vnej \u00fadr\u017eby. Napr. prasklinu v suku, ktor\u00e1 sp\u00f4sobuje vlhkos\u0165 v materi\u00e1li a vedie k po\u0161kodeniu spojov a natret\u00fdch pl\u00f4ch, je potrebn\u00e9 okam\u017eite opravi\u0165, aby nedo\u0161lo k po\u0161kodeniu.<\/li>\n\n\n\n<li>Na pr\u00edpadn\u00e9 po\u0161kodenie, t. j. zamrznutie, ku ktor\u00e9mu d\u00f4jde po dodan\u00ed, sa z\u00e1ruka nevz\u0165ahuje. Za zabr\u00e1nenie po\u0161kodenia mrazom je v\u017edy zodpovedn\u00fd pou\u017e\u00edvate\u013e. Plat\u00ed to tak pred mont\u00e1\u017eou, ako aj po nej.<\/li>\n<\/ul>\n\n\n\n<div style=\"height:52px\" aria-hidden=\"true\" class=\"wp-block-spacer\"><\/div>\n\n\n\n<p class=\"has-text-align-left\"><strong>POZN\u00c1MKA: Z\u00e1ru\u010dn\u00e1 doba na v\u00fdrobky pou\u017e\u00edvan\u00e9 v komer\u010dn\u00fdch prev\u00e1dzkach je 12 mesiacov.<\/strong><\/p>\n\n\n\n<div style=\"height:20px\" aria-hidden=\"true\" class=\"wp-block-spacer\"><\/div>\n\n\n\n<h3 class=\"wp-block-heading\">In\u0161tal\u00e1cia<\/h3>\n\n\n\n<p>Osoba vykon\u00e1vaj\u00faca in\u0161tal\u00e1ciu je zodpovedn\u00e1 za to, aby in\u0161tal\u00e1cia bola v s\u00falade s n\u00e1vodom. Nezodpoved\u00e1me za probl\u00e9my vypl\u00fdvaj\u00face z nespr\u00e1vnej in\u0161tal\u00e1cie vykonanej in\u00fdmi osobami.<\/p>\n\n\n\n<h3 class=\"wp-block-heading\">Chemik\u00e1lie<\/h3>\n\n\n\n<p>Z\u00e1ruka sa nevz\u0165ahuje na probl\u00e9my sp\u00f4soben\u00e9 nespr\u00e1vnym pou\u017e\u00edvan\u00edm chemik\u00e1li\u00ed. Kupuj\u00faci by mal dodr\u017eiava\u0165 uveden\u00e9 pokyny a v nejasn\u00fdch pr\u00edpadoch by mal po\u017eiada\u0165 o radu predajcu.<\/p>\n\n\n\n<h3 class=\"wp-block-heading\">S\u00faprava na opravu:<\/h3>\n\n\n\n<p>Pou\u017eitie v\u00fdrobkov na povrchov\u00fa \u00fapravu \u2013 TubCoat v pr\u00edpade, \u017ee vznikne situ\u00e1cia na opravu. Pred opravou si pozorne pre\u010d\u00edtajte pokyny prilo\u017een\u00e9 k s\u00faprave na opravu. V pr\u00edpade pochybnost\u00ed sa obr\u00e1\u0165te na svojho predajcu.<\/p>\n\n\n\n<h3 class=\"wp-block-heading\">Z\u00e1ru\u010dn\u00e9 opatrenia a n\u00e1klady:<\/h3>\n\n\n\n<p class=\"has-text-align-left\">Za pr\u00e1ce alebo diely, na ktor\u00e9 sa vz\u0165ahuje z\u00e1ruka, sa ne\u00fa\u010dtuj\u00fa \u017eiadne n\u00e1klady. Ak\u00e9ko\u013evek opravy je mo\u017en\u00e9 vykona\u0165 na mieste alebo v priestoroch dod\u00e1vate\u013ea. Kupuj\u00faci je povinn\u00fd zabezpe\u010di\u0165, aby bol v\u00fdrobok pr\u00edstupn\u00fd servisn\u00e9mu technikovi. Napr\u00edklad \u010das na v\u00fdmenu a demont\u00e1\u017e gu\u013eatiny sa \u00fa\u010dtuje pod\u013ea osobitnej sadzby. Pokia\u013e ide o opatrenia, ktor\u00e9 si nevy\u017eaduj\u00fa \u0161pecializovan\u00e9 zru\u010dnosti, je mo\u017en\u00e9 ich opravi\u0165 prostredn\u00edctvom \u201ctelefonickej podpory\u201d alebo podobne. Kupuj\u00faci mus\u00ed tento sp\u00f4sob pr\u00e1ce akceptova\u0165, preto\u017ee sa spolieha na sk\u00fasenosti pred\u00e1vaj\u00faceho s opravami. Ak pred\u00e1vaj\u00faci potrebuje inform\u00e1cie, napr\u00edklad fotografie, aby u\u013eah\u010dil anal\u00fdzu situ\u00e1cie, mal by ich poskytn\u00fa\u0165 kupuj\u00faci. Zodpovednos\u0165 pred\u00e1vaj\u00faceho je obmedzen\u00e1 na dodanie nov\u00e9ho tovaru, oprava alebo ur\u010dit\u00e9 vr\u00e1tenie k\u00fapnej sumy je na rozhodnut\u00ed pred\u00e1vaj\u00faceho. Pred\u00e1vaj\u00faci nezodpoved\u00e1 za priame alebo nepriame \u0161kody, dodato\u010dn\u00e9 \u0161kody alebo straty kupuj\u00faceho.<\/p>\n","protected":false},"excerpt":{"rendered":"<p>Odpovednost za vady, z\u00e1ruka Pr\u00e1va a povinnosti pred\u00e1vaj\u00faceho a kupuj\u00faceho (spotrebite\u013e) oh\u013eadne zodpovednosti pred\u00e1vaj\u00faceho za vady, vr\u00e1tane z\u00e1ruky pred\u00e1vaj\u00faceho sa riadi pr\u00edslu\u0161n\u00fdmi v\u0161eobecne z\u00e1v\u00e4zn\u00fdmi predpismi, najm\u00e4 pr\u00edslu\u0161ne ustanovenia \u00a7 619 a nasl. z\u00e1kona \u010d. 40\/1964 Zb. Ob\u010dianskeho z\u00e1konn\u00edka v znen\u00ed neskor\u0161\u00edch pr\u00e1vnych predpisov. Z\u00e1ruka sa vz\u0165ahuje na: Z\u00e1ruka sa nevz\u0165ahuje na: POZN\u00c1MKA: Z\u00e1ru\u010dn\u00e1 doba na [&hellip;]<\/p>\n","protected":false},"author":1,"featured_media":0,"parent":0,"menu_order":0,"comment_status":"closed","ping_status":"closed","template":"","meta":{"_acf_changed":false,"footnotes":""},"class_list":["post-5831","page","type-page","status-publish","hentry"],"acf":[],"_links":{"self":[{"href":"https:\/\/scandispa.com\/sk\/wp-json\/wp\/v2\/pages\/5831","targetHints":{"allow":["GET"]}}],"collection":[{"href":"https:\/\/scandispa.com\/sk\/wp-json\/wp\/v2\/pages"}],"about":[{"href":"https:\/\/scandispa.com\/sk\/wp-json\/wp\/v2\/types\/page"}],"author":[{"embeddable":true,"href":"https:\/\/scandispa.com\/sk\/wp-json\/wp\/v2\/users\/1"}],"replies":[{"embeddable":true,"href":"https:\/\/scandispa.com\/sk\/wp-json\/wp\/v2\/comments?post=5831"}],"version-history":[{"count":1,"href":"https:\/\/scandispa.com\/sk\/wp-json\/wp\/v2\/pages\/5831\/revisions"}],"predecessor-version":[{"id":5836,"href":"https:\/\/scandispa.com\/sk\/wp-json\/wp\/v2\/pages\/5831\/revisions\/5836"}],"wp:attachment":[{"href":"https:\/\/scandispa.com\/sk\/wp-json\/wp\/v2\/media?parent=5831"}],"curies":[{"name":"wp","href":"https:\/\/api.w.org\/{rel}","templated":true}]}}